{"id":8088,"date":"2016-09-14T19:40:51","date_gmt":"2016-09-14T16:40:51","guid":{"rendered":"http:\/\/www.3dlaser.ee\/en\/teenused\/"},"modified":"2017-05-04T13:50:46","modified_gmt":"2017-05-04T10:50:46","slug":"services-2","status":"publish","type":"page","link":"https:\/\/www.3dlaser.ee\/en\/services-2\/","title":{"rendered":"Services"},"content":{"rendered":"","protected":false},"excerpt":{"rendered":"","protected":false},"author":13,"featured_media":0,"parent":0,"menu_order":0,"comment_status":"closed","ping_status":"closed","template":"page14.php","meta":[],"acf":[],"yoast_head":"<!-- This site is optimized with the Yoast SEO plugin v19.13 - https:\/\/yoast.com\/wordpress\/plugins\/seo\/ -->\n<title>Auhinnad, kingitused, graveerimine, 3D pildistamine jpm - 3Dlaser<\/title>\n<meta name=\"description\" content=\"3D laser pakub 2D piltide t\u00f6\u00f6tlust ning graveerimist erinevatesse klaaskristallidesse. Klaasist auhinnad, kingitused ja m\u00e4lestusesemed 3Dlaserist!\" \/>\n<meta name=\"robots\" content=\"index, follow, max-snippet:-1, max-image-preview:large, max-video-preview:-1\" \/>\n<link rel=\"canonical\" href=\"https:\/\/www.3dlaser.ee\/services-2\/\" \/>\n<meta property=\"og:locale\" content=\"et_EE\" \/>\n<meta property=\"og:type\" content=\"article\" \/>\n<meta property=\"og:title\" content=\"Auhinnad, kingitused, graveerimine, 3D pildistamine jpm - 3Dlaser\" \/>\n<meta property=\"og:description\" content=\"3D laser pakub 2D piltide t\u00f6\u00f6tlust ning graveerimist erinevatesse klaaskristallidesse. Klaasist auhinnad, kingitused ja m\u00e4lestusesemed 3Dlaserist!\" \/>\n<meta property=\"og:url\" content=\"https:\/\/www.3dlaser.ee\/en\/services-2\/\" \/>\n<meta property=\"og:site_name\" content=\"3DLaser\" \/>\n<meta property=\"article:modified_time\" content=\"2017-05-04T10:50:46+00:00\" \/>\n<meta name=\"twitter:card\" content=\"summary_large_image\" \/>\n<script type=\"application\/ld+json\" class=\"yoast-schema-graph\">{\"@context\":\"https:\/\/schema.org\",\"@graph\":[{\"@type\":\"WebPage\",\"@id\":\"https:\/\/www.3dlaser.ee\/en\/services-2\/\",\"url\":\"https:\/\/www.3dlaser.ee\/en\/services-2\/\",\"name\":\"Auhinnad, kingitused, graveerimine, 3D pildistamine jpm - 3Dlaser\",\"isPartOf\":{\"@id\":\"https:\/\/www.3dlaser.ee\/#website\"},\"datePublished\":\"2016-09-14T16:40:51+00:00\",\"dateModified\":\"2017-05-04T10:50:46+00:00\",\"description\":\"3D laser pakub 2D piltide t\u00f6\u00f6tlust ning graveerimist erinevatesse klaaskristallidesse. Klaasist auhinnad, kingitused ja m\u00e4lestusesemed 3Dlaserist!\",\"breadcrumb\":{\"@id\":\"https:\/\/www.3dlaser.ee\/en\/services-2\/#breadcrumb\"},\"inLanguage\":\"et\",\"potentialAction\":[{\"@type\":\"ReadAction\",\"target\":[\"https:\/\/www.3dlaser.ee\/en\/services-2\/\"]}]},{\"@type\":\"BreadcrumbList\",\"@id\":\"https:\/\/www.3dlaser.ee\/en\/services-2\/#breadcrumb\",\"itemListElement\":[{\"@type\":\"ListItem\",\"position\":1,\"name\":\"Home\",\"item\":\"https:\/\/www.3dlaser.ee\/\"},{\"@type\":\"ListItem\",\"position\":2,\"name\":\"Services\"}]},{\"@type\":\"WebSite\",\"@id\":\"https:\/\/www.3dlaser.ee\/#website\",\"url\":\"https:\/\/www.3dlaser.ee\/\",\"name\":\"3DLaser\",\"description\":\"Klaasisisene 3D lasergraveerimine - Isikup\u00e4rased tunnustused\",\"potentialAction\":[{\"@type\":\"SearchAction\",\"target\":{\"@type\":\"EntryPoint\",\"urlTemplate\":\"https:\/\/www.3dlaser.ee\/?s={search_term_string}\"},\"query-input\":\"required name=search_term_string\"}],\"inLanguage\":\"et\"}]}<\/script>\n<!-- \/ Yoast SEO plugin. -->","yoast_head_json":{"title":"Auhinnad, kingitused, graveerimine, 3D pildistamine jpm - 3Dlaser","description":"3D laser pakub 2D piltide t\u00f6\u00f6tlust ning graveerimist erinevatesse klaaskristallidesse. Klaasist auhinnad, kingitused ja m\u00e4lestusesemed 3Dlaserist!","robots":{"index":"index","follow":"follow","max-snippet":"max-snippet:-1","max-image-preview":"max-image-preview:large","max-video-preview":"max-video-preview:-1"},"canonical":"https:\/\/www.3dlaser.ee\/services-2\/","og_locale":"et_EE","og_type":"article","og_title":"Auhinnad, kingitused, graveerimine, 3D pildistamine jpm - 3Dlaser","og_description":"3D laser pakub 2D piltide t\u00f6\u00f6tlust ning graveerimist erinevatesse klaaskristallidesse. Klaasist auhinnad, kingitused ja m\u00e4lestusesemed 3Dlaserist!","og_url":"https:\/\/www.3dlaser.ee\/en\/services-2\/","og_site_name":"3DLaser","article_modified_time":"2017-05-04T10:50:46+00:00","twitter_card":"summary_large_image","schema":{"@context":"https:\/\/schema.org","@graph":[{"@type":"WebPage","@id":"https:\/\/www.3dlaser.ee\/en\/services-2\/","url":"https:\/\/www.3dlaser.ee\/en\/services-2\/","name":"Auhinnad, kingitused, graveerimine, 3D pildistamine jpm - 3Dlaser","isPartOf":{"@id":"https:\/\/www.3dlaser.ee\/#website"},"datePublished":"2016-09-14T16:40:51+00:00","dateModified":"2017-05-04T10:50:46+00:00","description":"3D laser pakub 2D piltide t\u00f6\u00f6tlust ning graveerimist erinevatesse klaaskristallidesse. Klaasist auhinnad, kingitused ja m\u00e4lestusesemed 3Dlaserist!","breadcrumb":{"@id":"https:\/\/www.3dlaser.ee\/en\/services-2\/#breadcrumb"},"inLanguage":"et","potentialAction":[{"@type":"ReadAction","target":["https:\/\/www.3dlaser.ee\/en\/services-2\/"]}]},{"@type":"BreadcrumbList","@id":"https:\/\/www.3dlaser.ee\/en\/services-2\/#breadcrumb","itemListElement":[{"@type":"ListItem","position":1,"name":"Home","item":"https:\/\/www.3dlaser.ee\/"},{"@type":"ListItem","position":2,"name":"Services"}]},{"@type":"WebSite","@id":"https:\/\/www.3dlaser.ee\/#website","url":"https:\/\/www.3dlaser.ee\/","name":"3DLaser","description":"Klaasisisene 3D lasergraveerimine - Isikup\u00e4rased tunnustused","potentialAction":[{"@type":"SearchAction","target":{"@type":"EntryPoint","urlTemplate":"https:\/\/www.3dlaser.ee\/?s={search_term_string}"},"query-input":"required name=search_term_string"}],"inLanguage":"et"}]}},"_links":{"self":[{"href":"https:\/\/www.3dlaser.ee\/en\/wp-json\/wp\/v2\/pages\/8088\/"}],"collection":[{"href":"https:\/\/www.3dlaser.ee\/en\/wp-json\/wp\/v2\/pages\/"}],"about":[{"href":"https:\/\/www.3dlaser.ee\/en\/wp-json\/wp\/v2\/types\/page\/"}],"author":[{"embeddable":true,"href":"https:\/\/www.3dlaser.ee\/en\/wp-json\/wp\/v2\/users\/13\/"}],"replies":[{"embeddable":true,"href":"https:\/\/www.3dlaser.ee\/en\/wp-json\/wp\/v2\/comments\/?post=8088"}],"version-history":[{"count":0,"href":"https:\/\/www.3dlaser.ee\/en\/wp-json\/wp\/v2\/pages\/8088\/revisions\/"}],"wp:attachment":[{"href":"https:\/\/www.3dlaser.ee\/en\/wp-json\/wp\/v2\/media\/?parent=8088"}],"curies":[{"name":"wp","href":"https:\/\/api.w.org\/{rel}","templated":true}]}}